{"id":12867,"date":"2022-04-11T21:19:19","date_gmt":"2022-04-12T01:19:19","guid":{"rendered":"http:\/\/asamblealapaz.gob.bo\/?page_id=12867"},"modified":"2022-04-27T11:44:06","modified_gmt":"2022-04-27T15:44:06","slug":"quienes-somos","status":"publish","type":"page","link":"https:\/\/aldeabo.net\/asamblea\/quienes-somos\/","title":{"rendered":"QUIENES SOMOS"},"content":{"rendered":"<p>Somos un \u00f3rgano Legislativo, del Gobierno Aut\u00f3nomo del Departamento de La Paz, integrada por cuarenta y cinco (45) titulares y cuarenta y cinco (45) suplentes, denominados Asamble\u00edstas departamentales, quienes son elegidos por el voto popular de los habitantes de la jurisdicci\u00f3n del Departamento de La Paz, para un periodo de 5 a\u00f1os.<br \/>\nLa Asamblea Legislativa Departamental, tiene facultad deliberativa, fiscalizadora y legislativa Departamental, en el \u00e1mbito de sus competencias seg\u00fan el Art. 277 de la Constituci\u00f3n Pol\u00edtica del Estado.<\/p>\n","protected":false},"excerpt":{"rendered":"<p>Somos un \u00f3rgano Legislativo, del Gobierno Aut\u00f3nomo del Departamento de La Paz, integrada por cuarenta y cinco (45) titulares y cuarenta y cinco (45) suplentes, denominados Asamble\u00edstas departamentales, quienes son elegidos por el voto popular de los habitantes de la jurisdicci\u00f3n del Departamento de La Paz, para un periodo de 5 a\u00f1os. La Asamblea Legislativa &#8230; <a title=\"QUIENES SOMOS\" class=\"read-more\" href=\"https:\/\/aldeabo.net\/asamblea\/quienes-somos\/\" aria-label=\"M\u00e1s en QUIENES SOMOS\">Leer m\u00e1s<\/a><\/p>\n","protected":false},"author":6,"featured_media":0,"parent":0,"menu_order":0,"comment_status":"closed","ping_status":"closed","template":"","meta":{"_themeisle_gutenberg_block_has_review":false},"_links":{"self":[{"href":"https:\/\/aldeabo.net\/asamblea\/wp-json\/wp\/v2\/pages\/12867"}],"collection":[{"href":"https:\/\/aldeabo.net\/asamblea\/wp-json\/wp\/v2\/pages"}],"about":[{"href":"https:\/\/aldeabo.net\/asamblea\/wp-json\/wp\/v2\/types\/page"}],"author":[{"embeddable":true,"href":"https:\/\/aldeabo.net\/asamblea\/wp-json\/wp\/v2\/users\/6"}],"replies":[{"embeddable":true,"href":"https:\/\/aldeabo.net\/asamblea\/wp-json\/wp\/v2\/comments?post=12867"}],"version-history":[{"count":3,"href":"https:\/\/aldeabo.net\/asamblea\/wp-json\/wp\/v2\/pages\/12867\/revisions"}],"predecessor-version":[{"id":13581,"href":"https:\/\/aldeabo.net\/asamblea\/wp-json\/wp\/v2\/pages\/12867\/revisions\/13581"}],"wp:attachment":[{"href":"https:\/\/aldeabo.net\/asamblea\/wp-json\/wp\/v2\/media?parent=12867"}],"curies":[{"name":"wp","href":"https:\/\/api.w.org\/{rel}","templated":true}]}}